{"id":588,"date":"2023-07-26T14:30:28","date_gmt":"2023-07-26T17:30:28","guid":{"rendered":"https:\/\/camilap2p.com.br\/?page_id=588"},"modified":"2025-12-11T15:37:21","modified_gmt":"2025-12-11T18:37:21","slug":"termos-de-uso","status":"publish","type":"page","link":"https:\/\/camilap2p.com.br\/index.php\/termos-de-uso\/","title":{"rendered":"Termos de Uso"},"content":{"rendered":"\t\t<div data-elementor-type=\"wp-page\" data-elementor-id=\"588\" class=\"elementor elementor-588\" data-elementor-post-type=\"page\">\n\t\t\t\t\t\t<section class=\"elementor-section elementor-top-section elementor-element elementor-element-13d3492 elementor-section-height-min-height elementor-section-items-top elementor-section-boxed elementor-section-height-default\" data-id=\"13d3492\" data-element_type=\"section\" data-e-type=\"section\" data-settings=\"{&quot;background_background&quot;:&quot;classic&quot;,&quot;ekit_has_onepagescroll_dot&quot;:&quot;yes&quot;}\">\n\t\t\t\t\t\t<div class=\"elementor-container elementor-column-gap-default\">\n\t\t\t\t\t<div class=\"elementor-column elementor-col-100 elementor-top-column elementor-element elementor-element-a0c00ab\" data-id=\"a0c00ab\" data-element_type=\"column\" data-e-type=\"column\" id=\"top\">\n\t\t\t<div class=\"elementor-widget-wrap\">\n\t\t\t\t\t\t\t<\/div>\n\t\t<\/div>\n\t\t\t\t\t<\/div>\n\t\t<\/section>\n\t\t\t\t<section class=\"elementor-section elementor-top-section elementor-element elementor-element-80aa842 elementor-section-boxed elementor-section-height-default elementor-section-height-default\" data-id=\"80aa842\" data-element_type=\"section\" data-e-type=\"section\" data-settings=\"{&quot;ekit_has_onepagescroll_dot&quot;:&quot;yes&quot;}\">\n\t\t\t\t\t\t<div class=\"elementor-container elementor-column-gap-default\">\n\t\t\t\t\t<div class=\"elementor-column elementor-col-100 elementor-top-column elementor-element elementor-element-24b41b6\" data-id=\"24b41b6\" data-element_type=\"column\" data-e-type=\"column\">\n\t\t\t<div class=\"elementor-widget-wrap elementor-element-populated\">\n\t\t\t\t\t\t<div class=\"elementor-element elementor-element-a02ec7a elementor-widget elementor-widget-heading\" data-id=\"a02ec7a\" data-element_type=\"widget\" data-e-type=\"widget\" data-settings=\"{&quot;ekit_we_effect_on&quot;:&quot;none&quot;}\" data-widget_type=\"heading.default\">\n\t\t\t\t<div class=\"elementor-widget-container\">\n\t\t\t\t\t<h3 class=\"elementor-heading-title elementor-size-default\">Termos de Uso - CONTRATO DE PRESTA\u00c7\u00c3O DE SERVI\u00c7OS DE INTERMEDIA\u00c7\u00c3O NA COMPRA E VENDA\nDE CRIPTOATIVOS<\/h3>\t\t\t\t<\/div>\n\t\t\t\t<\/div>\n\t\t\t\t<div class=\"elementor-element elementor-element-203ed13 elementor-widget elementor-widget-text-editor\" data-id=\"203ed13\" data-element_type=\"widget\" data-e-type=\"widget\" data-settings=\"{&quot;ekit_we_effect_on&quot;:&quot;none&quot;}\" data-widget_type=\"text-editor.default\">\n\t\t\t\t<div class=\"elementor-widget-container\">\n\t\t\t\t\t\t\t\t\t<p><b>(I) SOLUCRYP TECNOLOGIA E SERVI\u00c7OS DIGITAIS<\/b>, com sede na Av. Pref Osmar Cunha, n\u00b0<br \/>416 &#8211; Sala 1108, Centro, Florian\u00f3polis\/SC, inscrita no Cadastro Nacional de Pessoa Jur\u00eddica<br \/>(CNPJ) sob o n\u00ba 23.529.386\/0001-29, doravante denominada \u201cCONTRATADA\u201d e de<br \/>outro lado o Usu\u00e1rio\/Contratante concordante e anuente do presente Contrato.<br \/><br \/><\/p><p>A <b>CONTRATADA <\/b>presta servi\u00e7os relacionados \u00e0 blockchain e criptomoedas,<br \/>especialmente ligados \u00e0 intermedia\u00e7\u00e3o de compra e venda de criptoativos, garantindo<br \/>seguran\u00e7a e sigilo nas transa\u00e7\u00f5es realizadas pelos clientes.<br \/>Vale destacar a diferen\u00e7a entre esse tipo de opera\u00e7\u00e3o, que se assemelha \u00e0s opera\u00e7\u00f5es<br \/>de OTC do mercado financeiro tradicional, com as empresas denominadas \u201cExchange\u201d<br \/>de criptoativos.<\/p><p><br \/>A \u201cExchange\u201d possui um livro de ofertas aberto, onde \u00e9 poss\u00edvel lan\u00e7ar ordens de<br \/>compra ou de venda de criptoativos, al\u00e9m de custodiar moeda corrente nacional e<br \/>criptoativos dos clientes.<\/p><p><br \/>J\u00e1 a opera\u00e7\u00e3o de intermedia\u00e7\u00e3o, realizada pela CONTRATADA, consiste<br \/>exclusivamente na compra ou venda de criptoativos por conta e ordem de terceiro, de<br \/>modo que n\u00e3o h\u00e1 cust\u00f3dia de moeda corrente nacional ou de criptoativos de terceiros.<br \/><br \/><\/p><p>O CONTRATANTE declara possuir conhecimento suficiente sobre a opera\u00e7\u00f5es<br \/>envolvendo criptoativos, n\u00e3o havendo qualquer d\u00favida ou fato que possa caracterizar<br \/>sua hipossufici\u00eancia em rela\u00e7\u00e3o ao mesmo, possuindo pleno e total gozo de sua<br \/>capacidade civil, bem como est\u00e1 apto \u00e0 pr\u00e1tica de todo e qualquer ato necess\u00e1rio \u00e0<br \/>validade das opera\u00e7\u00f5es.<strong><br \/><\/strong><\/p><p>O CONTRATANTE declara-se ciente que a CONTRATADA n\u00e3o \u00e9 consultoria de<br \/>investimentos, mas apenas um entreposto comercial de compra e venda de<br \/>Criptoativos, n\u00e3o tendo qualquer responsabilidade pelo uso e investimentos realizados<br \/>pelo CONTRATANTE, ou por qualquer perda direta ou indireta de lucros.<br \/><br \/><\/p><p><b><br \/>2. DO OBJETO<\/b><br \/>\u00c9 objeto do presente contrato estipular as condi\u00e7\u00f5es para que a CONTRATADA possa<br \/>realizar a atividade de intermedia\u00e7\u00e3o na compra, venda e permuta de Criptoativos.<br \/><b><br \/>3. DO CADASTRO<\/b><\/p><p><b><br \/><\/b>Para fazer uso dos servi\u00e7os oferecidos pela CONTRATADA, o CONTRATANTE: (i) se for<br \/>pessoa f\u00edsica dever\u00e1 ter 18 (dezoito) anos e n\u00e3o poder\u00e1 ser considerada Pessoa<br \/>Politicamente Expostas (\u201cPPE\u201d); ou (ii) se for pessoa jur\u00eddica dever\u00e1 estar representado<br \/>por procurador e\/ou representante legal os devidos poderes para tal.<\/p><p><br \/>O <b>CONTRATANTE<\/b> deve registrar e manter uma conta de CONTRATANTE pessoal ativa<br \/>para que possa usufruir dos servi\u00e7os, devendo, obrigatoriamente, informar seus dados<br \/>pessoais e assinar o presente contrato.<\/p><p><br \/>Ao realizar o Cadastro, o <b>CONTRATANTE<\/b> dever\u00e1 fornecer as seguintes informa\u00e7\u00f5es:<br \/><br \/><\/p><p>(a) Se pessoa f\u00edsica: (a) nome completo; (b) n\u00famero de Cadastro de Pessoas F\u00edsicas<br \/>(CPF); (c) o nome completo da m\u00e3e; (d) n\u00famero de celular que ser\u00e1 utilizado para<br \/>eventuais contatos de seguran\u00e7a; (e) o endere\u00e7o residencial do CONTRATANTE; e (e)<br \/>selfie segurando seu documento com foto; e<br \/><br \/><\/p><p>(b) Se pessoa jur\u00eddica: (a) raz\u00e3o social; (b) o n\u00famero do Cadastro Nacional de<br \/>Pessoa Jur\u00eddica (CNPJ); (c) c\u00f3pia do ato constitutivo devidamente registrado perante o<br \/>\u00f3rg\u00e3o competente; (d) endere\u00e7o completo da sede da empresa; (e) n\u00famero de celular<br \/>que ser\u00e1 utilizado para eventuais contatos de seguran\u00e7a e (f) informa\u00e7\u00f5es pessoais,<br \/>descritas no item \u201ca\u201d acima, relativas aos controladores, administradores e diretores<br \/>da pessoa jur\u00eddica, conforme solicitado pela <b>CONTRATADA<\/b> no momento do cadastro.<\/p><p><span style=\"color: var( --e-global-color-secondary ); font-size: 1rem;\">Al\u00e9m das informa\u00e7\u00f5es acima, a <b>CONTRATADA<\/b> se reserva o direito de solicitar outros\u00a0<\/span><span style=\"color: var( --e-global-color-secondary ); font-size: 1rem;\">documentos que julgue necess\u00e1rio para ativa\u00e7\u00e3o do cadastro, notadamente em\u00a0<\/span><span style=\"color: var( --e-global-color-secondary ); font-size: 1rem;\">r<\/span><span style=\"color: var( --e-global-color-secondary ); font-size: 1rem;\">ela\u00e7\u00e3o ao atendimento pleno de seu Programa de Preven\u00e7\u00e3o \u00e0 Lavagem de Dinheiro e\u00a0<\/span><span style=\"color: var( --e-global-color-secondary ); font-size: 1rem;\">ao Financiamento do Terrorismo.<\/span><\/p><p>Ao assinar o presente contrato, o <b>CONTRATANTE<\/b> declara que:<\/p><p><br \/>i. N\u00e3o far\u00e1 declara\u00e7\u00f5es falsas, inver\u00eddicas, nem informar\u00e1 dados n\u00e3o verdadeiros<br \/>ou ileg\u00edtimos durante o processo de registro de Conta de CONTRATANTE.<\/p><p><br \/>ii. N\u00e3o ir\u00e1 falsear nem omitir\u00e1 materialmente qualquer informa\u00e7\u00e3o necess\u00e1ria,<br \/>nem fornecer\u00e1 informa\u00e7\u00f5es enganosas ou inver\u00eddicas, quando solicitadas pela<br \/>CONTRATADA no decorrer do uso dos Servi\u00e7os, seja de forma direta ou<br \/>indiretamente relacionadas \u00e0, ou decorrentes de atividades do CONTRATANTE;<\/p><p><br \/>iii. Informar\u00e1 \u00e0 autoridade fiscal e tribut\u00e1ria, de maneira justa, todas os acr\u00e9scimos<br \/>patrimoniais aferidos e associados \u00e0 atividade do CONTRATANTE, observando a<br \/>forma exigida, os limites e prazos previstos no regulamento correspondente, e<br \/>de acordo com as regras e leis aplic\u00e1veis, se comprometendo em recolher de<br \/>maneira tempestiva todos os impostos e taxas eventualmente incidentes;<\/p><p><br \/>O <b>CONTRATANTE<\/b> garante e se responsabiliza pela veracidade, exatid\u00e3o, vig\u00eancia e<br \/>autenticidade dos dados constantes do cadastro por ele preenchido, comprometendose a mant\u00ea-lo devidamente atualizado.<\/p><p><br \/><b>4. DA AN\u00c1LISE E RECUSA DE CADASTRO<\/b><\/p><p><br \/>Para que o Cadastro do <b>CONTRATANTE<\/b> seja aprovado, ou reprovado, as informa\u00e7\u00f5es e<br \/>documentos apresentados ser\u00e3o submetidos a an\u00e1lise da <b>CONTRATADA<\/b>.<\/p><p><br \/>Para fins de aprova\u00e7\u00e3o ou revis\u00e3o do Cadastro e das informa\u00e7\u00f5es fornecidas, a<br \/><b>CONTRATADA<\/b> poder\u00e1 solicitar o envio de dados e\/ou documentos adicionais a<br \/>qualquer momento, inclusive, mas n\u00e3o limitado a comprovante de resid\u00eancia e de<br \/>renda. A recusa em enviar o material solicitado, garantir\u00e1 \u00e0 <b>CONTRATADA <\/b>o direito de<br \/>indeferir, suspender ou cancelar o Cadastro deste, a seu exclusivo crit\u00e9rio, n\u00e3o\u00a0cabendo ao CONTRATANTE, por essa raz\u00e3o, qualquer tipo de indeniza\u00e7\u00e3o ou<br \/>ressarcimento.<br \/><br \/><\/p><p>A <b>CONTRATADA<\/b> est\u00e1 autorizada a fazer as consultas e\/ou solicita\u00e7\u00f5es, diretamente ou<br \/>por meio de terceiros, para valida\u00e7\u00e3o da identidade do CONTRATANTE, incluindo, mas<br \/>n\u00e3o se limitando \u00e0 (i) Receita Federal do Brasil, ao (ii) Cadastro de Clientes do Sistema<br \/>Financeiro Nacional \u2013 CCS, bem como bases de restri\u00e7\u00f5es credit\u00edcias, tais como o SPC<br \/>e\/ou a <b>SERASA<\/b>.<br \/><br \/><\/p><p>A <b>CONTRATADA <\/b>ter\u00e1 o direito de suspender ou cancelar imediatamente toda e<br \/>qualquer transa\u00e7\u00e3o, presente ou futura, no caso de fornecimento de informa\u00e7\u00e3o falsa,<br \/>incorreta, desatualizada ou incompleta por parte do <b>CONTRATANTE<\/b>. Essa previs\u00e3o<br \/>tamb\u00e9m se estende para casos em que a <b>CONTRATADA <\/b>tenha raz\u00f5es suficientes para<br \/>suspeitar que tal informa\u00e7\u00e3o seja falsa, incorreta, desatualizada ou incompleta. A<br \/>suspens\u00e3o ou cancelamento dos servi\u00e7os nesses casos independe de notifica\u00e7\u00e3o<br \/>pr\u00e9via.<br \/><br \/><\/p><p>A <b>CONTRATADA <\/b>se reserva o direito de recusar qualquer solicita\u00e7\u00e3o de Cadastro e\/ou<br \/>de suspender o registro ou cancelar um Cadastro previamente aceito em qualquer das<br \/>nas seguintes situa\u00e7\u00f5es, sem que seja necess\u00e1rio aviso pr\u00e9vio:<\/p><p><br \/>(a) viola\u00e7\u00e3o de quaisquer disposi\u00e7\u00f5es deste Contrato e demais termos\/pol\u00edticas da<br \/><b><br \/>CONTRATADA<\/b>;<\/p><p><br \/>(b) impossibilidade de verifica\u00e7\u00e3o da identidade do <b>CONTRATANTE <\/b>ou<br \/>comprova\u00e7\u00e3o de que qualquer informa\u00e7\u00e3o por ele fornecida \u00e9 falsa; e<\/p><p><br \/>(c) comprova\u00e7\u00e3o de que o <b>CONTRATANTE <\/b>cometeu fraude ou atos dolosos ou teve<br \/>qualquer comportamento que seja incompat\u00edvel com os objetivos do contrato ou que<br \/>possam, de qualquer modo, causar danos a terceiros ou \u00e0 CONTRATADA.<\/p><p><br \/><b><br \/>5. DOS SERVI\u00c7OS<\/b><\/p><p><br \/>Uma vez cadastrado e aprovado no Programa de Preven\u00e7\u00e3o \u00e0 Lavagem de Dinheiro e<br \/>ao Financiamento do Terrorismo, o <b>CONTRATANTE <\/b>poder\u00e1 utilizar os servi\u00e7os\u00a0oferecidos, quais sejam, o de intermedia\u00e7\u00e3o na compra, venda e permuta de criptoativos.<br \/><br \/><\/p><p>O <b>CONTRATANTE <\/b>poder\u00e1 comprar, vender ou permutar criptoativos e dever\u00e1 seguir os<br \/>seguintes procedimentos:<\/p><p><br \/>(i) O valor total de aquisi\u00e7\u00e3o, em moeda corrente nacional, ser\u00e1 acordado<br \/>entre a <b>CONTRATADA <\/b>e o <b>CONTRATANTE <\/b>antes de cada opera\u00e7\u00e3o, o qual<br \/>ser\u00e1 pago mediante transfer\u00eancia eletr\u00f4nica dispon\u00edvel ou pagamento<br \/>instant\u00e2neo (PIX) para a conta banc\u00e1ria a ser indicada, por escrito, pela<br \/>CONTRATADA.<\/p><p><br \/>Par\u00e1grafo \u00danico: O <b>CONTRATANTE <\/b>dever\u00e1 disponibilizar de recursos<br \/>pr\u00f3prios para a compra dos criptoativos, n\u00e3o sendo permitida a<br \/>transfer\u00eancia de recursos de terceiros.<\/p><p><br \/>(ii) A cota\u00e7\u00e3o e a quantidade de criptoativos somente ser\u00e3o fixados ap\u00f3s a<br \/>confirma\u00e7\u00e3o de transfer\u00eancia dos valores referidos acima, de modo que a<br \/><b>CONTRATADA <\/b>proceder\u00e1 com a transfer\u00eancia dos criptoativos \u00e0 carteira<br \/>indicada, por escrito, pelo <b>CONTRATANTE<\/b>.<\/p><p><br \/>(iii) A <b>CONTRATADA <\/b>n\u00e3o se responsabiliza por valores transferidos para<br \/>endere\u00e7os de carteiras informados erroneamente pelo CONTRATANTE, ou<br \/>que sejam incompat\u00edveis com a esp\u00e9cie de criptoativo negociado.<\/p><p><br \/>(iv) Cada uma das Partes arcar\u00e1 com suas responsabilidades fiscais de acordo<br \/>com a legisla\u00e7\u00e3o vigente, notadamente em rela\u00e7\u00e3o \u00e0 Instru\u00e7\u00e3o Normativa<br \/>RFB n\u00b0 1888\/2019.<\/p><p><br \/><b>6. DA REMUNERA\u00c7\u00c3O<\/b><\/p><p><br \/>Pelos servi\u00e7os de intermedia\u00e7\u00e3o prestados, a <b>CONTRATADA <\/b>far\u00e1 jus ao recebimento<br \/>de uma remunera\u00e7\u00e3o vari\u00e1vel, conforme o spread e a cota\u00e7\u00e3o do momento da compra<br \/>do criptoativo.<\/p><p><br \/><b>7. DO ENCERRAMENTO DA CONTA<\/b><\/p><p>O <b>CONTRATANTE <\/b>pode rescindir este contrato com a CONTRATADA e fechar sua Conta<br \/>a qualquer momento, ap\u00f3s a liquida\u00e7\u00e3o de todas transa\u00e7\u00f5es pendentes.<\/p><p><br \/>Al\u00e9m disso, a <b>CONTRATADA <\/b>pode, em circunst\u00e2ncias apropriadas, suspender ou<br \/>encerrar Contas do <b>CONTRATANTE <\/b>por qualquer motivo, incluindo, sem limita\u00e7\u00e3o:<br \/>prestar assist\u00eancia a terceiros tentando uso do servi\u00e7o para executar atividades ilegais,<br \/>tais como lavagem de dinheiro, opera\u00e7\u00f5es ilegais de jogo, financiar terrorismo ou<br \/>outras atividades criminosas, viola\u00e7\u00f5es de direitos autorais, dificuldades operacionais<br \/>inesperadas, ou a pedido de ag\u00eancias de aplica\u00e7\u00e3o da lei ou de outras ag\u00eancias<br \/>governamentais, se for considerado leg\u00edtimo pela <b>CONTRATADA <\/b>, agindo a seu<br \/>exclusivo crit\u00e9rio.<\/p><p><br \/>A suspens\u00e3o ou encerramento de uma Conta n\u00e3o afetar\u00e1 o pagamento das tarifas de<br \/>comiss\u00f5es devidas pelas transa\u00e7\u00f5es anteriores.<\/p><p><br \/>Ap\u00f3s a rescis\u00e3o, o <b>CONTRATANTE <\/b>dever\u00e1 comunicar uma Conta Banc\u00e1ria v\u00e1lida para<br \/>permitir a transfer\u00eancia de quaisquer valores creditados em sua Conta. Somente ap\u00f3s<br \/>a convers\u00e3o para moeda corrente nacional, a <b>CONTRATADA <\/b>proceder\u00e1 com a<br \/>transfer\u00eancia, conforme a solicita\u00e7\u00e3o do <b>CONTRATANTE<\/b>.<\/p><p><br \/>8<b>. DA LIMITA\u00c7\u00c3O DE RESPONSABILIDADE E INDENIZA\u00c7\u00c3O<\/b><\/p><p><br \/>A <b>CONTRATADA <\/b>n\u00e3o responder\u00e1, em nenhuma hip\u00f3tese, nem mesmo em car\u00e1ter<br \/>solid\u00e1rio ou subsidi\u00e1rio, por eventuais preju\u00edzos sofridos em virtude de fraudes<br \/>praticadas por terceiros e por situa\u00e7\u00f5es de caso fortuito ou for\u00e7a maior definidas em<br \/>lei;<\/p><p><br \/>Em nenhum caso a <b>CONTRATADA <\/b>ser\u00e1 respons\u00e1vel por danos pessoais ou qualquer<br \/>preju\u00edzo incidental, especial, indireto ou consequente, lucros cessantes, incluindo, sem<br \/>limita\u00e7\u00e3o, preju\u00edzos por perda de compensa\u00e7\u00e3o, corrup\u00e7\u00e3o ou perda de dados, falha de<br \/>transmiss\u00e3o ou recep\u00e7\u00e3o de dados, perda de chance, n\u00e3o continuidade do neg\u00f3cio ou<br \/>qualquer outro preju\u00edzo ou perda comercial, decorrentes ou relacionados ao seu uso<br \/>ou sua inabilidade em operar criptoativos, por qualquer outro motivo.<b><br \/><\/b><\/p><p>\u00a0<\/p><p><b>9. DOS CASOS OMISSOS<\/b><\/p><p><br \/>Os casos omissos e as d\u00favidas que se originarem durante a execu\u00e7\u00e3o do presente<br \/>termo, ser\u00e3o dirimidos pelas partes, mediante Termo Aditivo, se e quando necess\u00e1rio<br \/>for.<\/p><p><br \/><b><br \/>10. DA VIG\u00caNCIA<\/b><\/p><p><br \/>O presente instrumento ter\u00e1 a vig\u00eancia por prazo indeterminado, a partir do aceite do<br \/><b><br \/>CONTRATANTE<\/b>, at\u00e9 o cancelamento por quaisquer das partes.<\/p><p><br \/><b><br \/>11. DAS DISPOSI\u00c7\u00d5ES GERAIS<\/b><\/p><p><br \/>A <b>CONTRATADA <\/b>n\u00e3o se responsabiliza por opera\u00e7\u00f5es subsequentes \u00e0 transfer\u00eancia dos<br \/>valores para o <b>CONTRATANTE<\/b>.<\/p><p><br \/>Qualquer toler\u00e2ncia, de qualquer das Partes, \u00e0 viola\u00e7\u00e3o de qualquer disposi\u00e7\u00e3o ou<br \/>condi\u00e7\u00e3o deste Contrato n\u00e3o ser\u00e1 considerada como toler\u00e2ncia a qualquer viola\u00e7\u00e3o<br \/>posterior da mesma ou de qualquer outra disposi\u00e7\u00e3o ou condi\u00e7\u00e3o do presente e n\u00e3o<br \/>invalida qualquer direito \u00e0 propositura de qualquer medida judicial, conforme disposto<br \/>neste Contrato.<\/p><p><br \/>Na hip\u00f3tese de qualquer dispositivo do presente Contrato vir a ser declarado inv\u00e1lido<br \/>ou inexequ\u00edvel por decis\u00e3o judicial ou de autoridade administrativa, os demais<br \/>permanecer\u00e3o em vigor, salvo se for afetado o objeto contratual, caso em que o<br \/>presente Contrato ser\u00e1 rescindido de imediato.<\/p><p><br \/>Este Contrato constitui o \u00fanico e integral acordo existente entre as Partes com rela\u00e7\u00e3o<br \/>a seu objeto, substituindo todos os outros documentos, cartas, memorandos ou<br \/>propostas, incluindo, sem limita\u00e7\u00e3o, os entendimentos orais anteriores \u00e0 presente<br \/>data.<\/p><p><br \/>O presente Contrato n\u00e3o estabelece entre as Partes qualquer forma de sociedade,<br \/>associa\u00e7\u00e3o, v\u00ednculo trabalhista ou responsabilidade solid\u00e1ria ou conjunta entre o<br \/><b><br \/>CONTRATANTE <\/b>e os administradores, s\u00f3cios, empregados ou prepostos da\u00a0<b>CONTRATADA <\/b>ou de qualquer firma do mesmo grupo empresarial, pois as Partes pactuam ser civil a rela\u00e7\u00e3o decorrente do presente Contrato.<\/p><p><br \/><b>12. PRESTA\u00c7\u00c3O DE INFORMA\u00c7\u00d5ES \u00c0 RECEITA FEDERAL<\/b><\/p><p><br \/>O <b>CONTRATANTE <\/b>declara estar ciente de que a <b>CONTRATADA <\/b>prestar\u00e1 as informa\u00e7\u00f5es<br \/>sobre toda e qualquer transa\u00e7\u00e3o que o <b>CONTRATANTE <\/b>vier a realizar, \u00e0 Receita Federal<br \/>do Brasil, nos termos da Instru\u00e7\u00e3o n\u00ba 1.888, de 10 de julho de 2019 (\u201cINRB 1.888\/19\u201d).<\/p><p><br \/><b>13. CONFIDENCIALIDADE<\/b><\/p><p><br \/>A <b>CONTRATADA <\/b>se obriga, por si e por seus s\u00f3cios, representantes, empregados e<br \/>prepostos a qualquer t\u00edtulo, a manter absoluto sigilo quanto a toda e qualquer<br \/>informa\u00e7\u00e3o, documento, estudo e\/ou an\u00e1lise t\u00e9cnica, administrativa, comercial,<br \/>financeira e\/ou de qualquer outra natureza relacionada \u00e0s <b>CONTRATANTES <\/b>ou aos<br \/>servi\u00e7os, que venha a produzir, obter ou receber na vig\u00eancia deste Contrato, as quais<br \/>n\u00e3o dever\u00e3o, em qualquer hip\u00f3tese, chegar ao conhecimento de terceiros (as<br \/>\u201cInforma\u00e7\u00f5es Confidenciais\u201d).<\/p><p><br \/>A divulga\u00e7\u00e3o de Informa\u00e7\u00f5es Confidenciais pela <b>CONTRATADA <\/b>somente ser\u00e1 admitida<\/p><p><br \/>(i) com o pr\u00e9vio consentimento, por escrito, do <b>CONTRATANTE<\/b>;\u00a0<\/p><p>(ii) se as informa\u00e7\u00f5es<br \/>forem utilizada em processo judicial envolvendo qualquer uma das partes; ou\u00a0<\/p><p>(iii) se as respectivas informa\u00e7\u00f5es j\u00e1 tiverem, na \u00e9poca, se tornado de conhecimento p\u00fablico em<br \/>raz\u00e3o de divulga\u00e7\u00e3o realizada sem infra\u00e7\u00e3o ao disposto neste Contrato.<br \/>O <b>CONTRATANTE <\/b>est\u00e1 ciente que todas as opera\u00e7\u00f5es ser\u00e3o reportadas \u00e0 Receita<br \/>Federal do Brasil, conforme as regras estabelecidas na Instru\u00e7\u00e3o Normativa RFB n\u00b0<br \/>1888\/2019.<\/p><p><br \/><b>14. DAS CONTROV\u00c9RSIAS<\/b><\/p><p><br \/>O Contrato ser\u00e1 regido e interpretado exclusivamente de acordo com as leis do Brasil.<br \/>Qualquer reclama\u00e7\u00e3o, conflito ou controv\u00e9rsia decorrente ou relacionada a estes<br \/>Termos de Uso, incluindo sua validade, interpreta\u00e7\u00e3o ou exequibilidade, ser\u00e1 dirimido<br \/>exclusivamente pelo Foro da Comarca de Campo Grande\/MS.<\/p>\t\t\t\t\t\t\t\t<\/div>\n\t\t\t\t<\/div>\n\t\t\t\t\t<\/div>\n\t\t<\/div>\n\t\t\t\t\t<\/div>\n\t\t<\/section>\n\t\t\t\t<section class=\"elementor-section elementor-top-section elementor-element elementor-element-20b789f elementor-section-boxed elementor-section-height-default elementor-section-height-default\" data-id=\"20b789f\" data-element_type=\"section\" data-e-type=\"section\" data-settings=\"{&quot;background_background&quot;:&quot;classic&quot;,&quot;ekit_has_onepagescroll_dot&quot;:&quot;yes&quot;}\">\n\t\t\t\t\t\t<div class=\"elementor-container elementor-column-gap-default\">\n\t\t\t\t\t<div class=\"elementor-column elementor-col-100 elementor-top-column elementor-element elementor-element-004d969\" data-id=\"004d969\" data-element_type=\"column\" data-e-type=\"column\">\n\t\t\t<div class=\"elementor-widget-wrap elementor-element-populated\">\n\t\t\t\t\t\t<div class=\"elementor-element elementor-element-bff855b elementor-view-stacked elementor-shape-circle elementor-widget elementor-widget-icon\" data-id=\"bff855b\" data-element_type=\"widget\" data-e-type=\"widget\" data-settings=\"{&quot;ekit_we_effect_on&quot;:&quot;none&quot;}\" data-widget_type=\"icon.default\">\n\t\t\t\t<div class=\"elementor-widget-container\">\n\t\t\t\t\t\t\t<div class=\"elementor-icon-wrapper\">\n\t\t\t<a class=\"elementor-icon elementor-animation-grow\" href=\"#top\">\n\t\t\t<i aria-hidden=\"true\" class=\"fas fa-angle-up\"><\/i>\t\t\t<\/a>\n\t\t<\/div>\n\t\t\t\t\t\t<\/div>\n\t\t\t\t<\/div>\n\t\t\t\t\t<\/div>\n\t\t<\/div>\n\t\t\t\t\t<\/div>\n\t\t<\/section>\n\t\t\t\t<\/div>\n\t\t","protected":false},"excerpt":{"rendered":"<p>Termos de Uso &#8211; CONTRATO DE PRESTA\u00c7\u00c3O DE SERVI\u00c7OS DE INTERMEDIA\u00c7\u00c3O NA COMPRA E VENDA DE CRIPTOATIVOS (I) SOLUCRYP TECNOLOGIA E SERVI\u00c7OS DIGITAIS, com sede na Av. Pref Osmar Cunha, n\u00b0416 &#8211; Sala 1108, Centro, Florian\u00f3polis\/SC, inscrita no Cadastro Nacional de Pessoa Jur\u00eddica(CNPJ) sob o n\u00ba 23.529.386\/0001-29, doravante denominada \u201cCONTRATADA\u201d e deoutro lado o Usu\u00e1rio\/Contratante [&hellip;]<\/p>\n","protected":false},"author":2,"featured_media":0,"parent":0,"menu_order":0,"comment_status":"closed","ping_status":"closed","template":"","meta":{"footnotes":""},"class_list":["post-588","page","type-page","status-publish","hentry"],"_links":{"self":[{"href":"https:\/\/camilap2p.com.br\/index.php\/wp-json\/wp\/v2\/pages\/588","targetHints":{"allow":["GET"]}}],"collection":[{"href":"https:\/\/camilap2p.com.br\/index.php\/wp-json\/wp\/v2\/pages"}],"about":[{"href":"https:\/\/camilap2p.com.br\/index.php\/wp-json\/wp\/v2\/types\/page"}],"author":[{"embeddable":true,"href":"https:\/\/camilap2p.com.br\/index.php\/wp-json\/wp\/v2\/users\/2"}],"replies":[{"embeddable":true,"href":"https:\/\/camilap2p.com.br\/index.php\/wp-json\/wp\/v2\/comments?post=588"}],"version-history":[{"count":26,"href":"https:\/\/camilap2p.com.br\/index.php\/wp-json\/wp\/v2\/pages\/588\/revisions"}],"predecessor-version":[{"id":2930,"href":"https:\/\/camilap2p.com.br\/index.php\/wp-json\/wp\/v2\/pages\/588\/revisions\/2930"}],"wp:attachment":[{"href":"https:\/\/camilap2p.com.br\/index.php\/wp-json\/wp\/v2\/media?parent=588"}],"curies":[{"name":"wp","href":"https:\/\/api.w.org\/{rel}","templated":true}]}}