{"id":534,"date":"2023-07-26T11:47:07","date_gmt":"2023-07-26T14:47:07","guid":{"rendered":"https:\/\/camilap2p.com.br\/?page_id=534"},"modified":"2024-09-11T14:57:33","modified_gmt":"2024-09-11T17:57:33","slug":"politicas-de-privacidade","status":"publish","type":"page","link":"https:\/\/camilap2p.com.br\/index.php\/politicas-de-privacidade\/","title":{"rendered":"Pol\u00edticas de Privacidade"},"content":{"rendered":"\t\t<div data-elementor-type=\"wp-page\" data-elementor-id=\"534\" class=\"elementor elementor-534\" data-elementor-post-type=\"page\">\n\t\t\t\t\t\t<section class=\"elementor-section elementor-top-section elementor-element elementor-element-13d3492 elementor-section-height-min-height elementor-section-items-top elementor-section-boxed elementor-section-height-default\" data-id=\"13d3492\" data-element_type=\"section\" data-e-type=\"section\" data-settings=\"{&quot;background_background&quot;:&quot;classic&quot;,&quot;ekit_has_onepagescroll_dot&quot;:&quot;yes&quot;}\">\n\t\t\t\t\t\t<div class=\"elementor-container elementor-column-gap-default\">\n\t\t\t\t\t<div class=\"elementor-column elementor-col-100 elementor-top-column elementor-element elementor-element-a0c00ab\" data-id=\"a0c00ab\" data-element_type=\"column\" data-e-type=\"column\" id=\"top\">\n\t\t\t<div class=\"elementor-widget-wrap\">\n\t\t\t\t\t\t\t<\/div>\n\t\t<\/div>\n\t\t\t\t\t<\/div>\n\t\t<\/section>\n\t\t\t\t<section class=\"elementor-section elementor-top-section elementor-element elementor-element-80aa842 elementor-section-boxed elementor-section-height-default elementor-section-height-default\" data-id=\"80aa842\" data-element_type=\"section\" data-e-type=\"section\" data-settings=\"{&quot;ekit_has_onepagescroll_dot&quot;:&quot;yes&quot;}\">\n\t\t\t\t\t\t<div class=\"elementor-container elementor-column-gap-default\">\n\t\t\t\t\t<div class=\"elementor-column elementor-col-100 elementor-top-column elementor-element elementor-element-24b41b6\" data-id=\"24b41b6\" data-element_type=\"column\" data-e-type=\"column\">\n\t\t\t<div class=\"elementor-widget-wrap elementor-element-populated\">\n\t\t\t\t\t\t<div class=\"elementor-element elementor-element-a02ec7a elementor-widget elementor-widget-heading\" data-id=\"a02ec7a\" data-element_type=\"widget\" data-e-type=\"widget\" data-settings=\"{&quot;ekit_we_effect_on&quot;:&quot;none&quot;}\" data-widget_type=\"heading.default\">\n\t\t\t\t<div class=\"elementor-widget-container\">\n\t\t\t\t\t<h2 class=\"elementor-heading-title elementor-size-default\">Pol\u00edticas de Privacidade<\/h2>\t\t\t\t<\/div>\n\t\t\t\t<\/div>\n\t\t\t\t<div class=\"elementor-element elementor-element-203ed13 elementor-widget elementor-widget-text-editor\" data-id=\"203ed13\" data-element_type=\"widget\" data-e-type=\"widget\" data-settings=\"{&quot;ekit_we_effect_on&quot;:&quot;none&quot;}\" data-widget_type=\"text-editor.default\">\n\t\t\t\t<div class=\"elementor-widget-container\">\n\t\t\t\t\t\t\t\t\t<p><span style=\"color: var( --e-global-color-secondary ); font-size: 1rem;\"><b>SOLUCRYP TECNOLOGIA E SERVI\u00c7OS DIGITAIS<\/b>, com sede na Rua. Mato Grosso, n\u00b0 2665,<\/span><span style=\"color: var( --e-global-color-secondary ); font-size: 1rem;\">Vila Planalto, Dourados\/MS, inscrita no Cadastro Nacional de Pessoa Jur\u00eddica (CNPJ) sob o&nbsp;<\/span><span style=\"color: var( --e-global-color-secondary ); font-size: 1rem;\">n\u00ba 23.529.386\/0001-29 e de outro lado o Usu\u00e1rio concordante da presente Pol\u00edtica,&nbsp;<\/span><span style=\"color: var( --e-global-color-secondary ); font-size: 1rem;\">celebram o disposto pelos termos que seguem.<\/span><\/p>\n<p>Ao aceitar nossa Pol\u00edtica de Privacidade, o Usu\u00e1rio compreende e concorda que a<br>SOLUCRYP poder\u00e1 coletar, armazenar, processar, associar, compartilhar, utilizar e divulgar<br>as suas informa\u00e7\u00f5es, incluindo seus dados pessoais, conforme detalhamento abaixo.<\/p>\n<p>Todos os dados pessoais coletados ser\u00e3o tratados a partir da ado\u00e7\u00e3o de medidas t\u00e9cnicas<br>e organizacionais para proteger, manter o sigilo e prevenir qualquer tipo de acesso ou<br>utiliza\u00e7\u00e3o indevida, destrui\u00e7\u00e3o, viola\u00e7\u00e3o, corrup\u00e7\u00e3o ou divulga\u00e7\u00e3o n\u00e3o permitida de tais<br>informa\u00e7\u00f5es. Os dados est\u00e3o sujeitos a um r\u00edgido controle de acesso e tanto o<br>armazenamento como o fluxo dessas informa\u00e7\u00f5es estar\u00e3o protegidos por criptografia<br>dentro dos sistemas da SOLUCRYP.<\/p>\n<p><b>(i) Dados Coletados e seus Objetivos<\/b><\/p>\n<p>As informa\u00e7\u00f5es coletadas ou fornecidas t\u00eam o objetivo de identificar o Usu\u00e1rio, para<br>conseguir oferecer os servi\u00e7os, bem como para atender regras de Preven\u00e7\u00e3o \u00e0 Lavagem de<br>Dinheiro e Combate ao Financiamento do Terrorismo (\u201cPLD\/FT\u201d) e demais legisla\u00e7\u00f5es<br>aplic\u00e1veis.<br>As informa\u00e7\u00f5es coletadas s\u00e3o:<br>\u2022 Dados de cadastro e identifica\u00e7\u00e3o;<br>\u2022 Dados de credenciais de acesso restrito;<br>\u2022 Informa\u00e7\u00f5es sobre documentos pessoais de qualquer tipo;<br>\u2022 Informa\u00e7\u00f5es de localiza\u00e7\u00e3o;<br>\u2022 Informa\u00e7\u00f5es que recebemos de terceiros sobre o Usu\u00e1rio;<br>\u2022 Informa\u00e7\u00f5es estat\u00edsticas e dados agregados.<\/p>\n<p><br><b>(ii) Compartilhamento de dado<\/b><\/p>\n<p>A <b>SOLUCRYP<\/b> n\u00e3o vender\u00e1, licenciar\u00e1 ou compartilhar\u00e1 com outras empresas, organiza\u00e7\u00f5es<br>ou indiv\u00edduos externos, as informa\u00e7\u00f5es que possam identificar o Usu\u00e1rio individualmente.<\/p>\n<p>No entanto, as informa\u00e7\u00f5es do Usu\u00e1rio ser\u00e3o compartilhadas com institui\u00e7\u00f5es financeiras<br>parceiras, com o intuito de aprova\u00e7\u00e3o de cadastro e presta\u00e7\u00e3o dos servi\u00e7os banc\u00e1rios e de<br>c\u00e2mbio.<br>Al\u00e9m disso, o compartilhamento dos dados e informa\u00e7\u00f5es do Usu\u00e1rio podem ocorrer:<\/p>\n<p><br>a. Caso o Usu\u00e1rio pedir ou consentir com o compartilhamento;<\/p>\n<p><br>b. Com parceiros comerciais e prestadores de servi\u00e7os que tratem essas informa\u00e7\u00f5es em<br>nome da SOLUCRYP, para quaisquer das finalidades previstas nesta Pol\u00edtica de Privacidade,<br>sendo que tais parceiros comerciais e prestadores de servi\u00e7o n\u00e3o ter\u00e3o um direito<br>independente de utilizar suas informa\u00e7\u00f5es.<\/p>\n<p><br>c. O necess\u00e1rio para o cumprimento de obriga\u00e7\u00e3o legal ou de ordem judicial, com \u00f3rg\u00e3os,<br>autoridades e demais entes do poder p\u00fablico, bem como com pessoas f\u00edsicas ou jur\u00eddicas<br>de natureza privada;<\/p>\n<p><br>d. Para a SOLUCRYP exercer a defesa de quaisquer de seus direitos, incluindo no \u00e2mbito<br>de processos judiciais ou administrativos;<\/p>\n<p><br>e. Em caso de altera\u00e7\u00e3o da propriedade ou controle da SOLUCRYP, por motivo de fus\u00e3o,<br>aquisi\u00e7\u00e3o ou venda de ativos, sendo que suas informa\u00e7\u00f5es poder\u00e3o ser transferidas a um<br>novo propriet\u00e1rio seguindo os nortes da \u00e9tica e transpar\u00eancia.<\/p>\n<p><br><b>(iii) Exclus\u00e3o dos dados<\/b><\/p>\n<p><br>Quando o Usu\u00e1rio desejar excluir seus dados, a SOLUCRYP imediatamente obedecer\u00e1 a<br>solicita\u00e7\u00e3o.<br>Cumprido o prazo legal de guarda obrigat\u00f3ria dos dados, n\u00f3s providenciaremos a<br>destrui\u00e7\u00e3o ou anonimiza\u00e7\u00e3o, a nosso exclusivo crit\u00e9rio, das informa\u00e7\u00f5es capazes de<br>identificar o Usu\u00e1rio.&nbsp;<b><br><\/b><\/p>\n<p>Antes de solicitar qualquer exclus\u00e3o de dados, \u00e9 importante que o Usu\u00e1rio verifique se<br>tem alguma obriga\u00e7\u00e3o pendente de cumprimento com a SOLUCRYP, pois caso tenha, as<br>informa\u00e7\u00f5es n\u00e3o ser\u00e3o exclu\u00eddas e permanecer\u00e3o armazenadas para a finalidade de<br>viabilizar a solu\u00e7\u00e3o da pend\u00eancia e a ado\u00e7\u00e3o das medidas cab\u00edveis.&nbsp;<\/p>\n<p><b>(iv) Direitos dos Usu\u00e1rios em rela\u00e7\u00e3o aos seus dados<\/b><\/p>\n<p><br>a. Direito de acesso;<br>b. Direito de retifica\u00e7\u00e3o;<br>c. Direito de exclus\u00e3o ou cancelamento;<br>d. Direito de obje\u00e7\u00e3o ou oposi\u00e7\u00e3o a um tratamento;<br>e. Direito de restringir o tratamento;<br>f. Direito \u00e0 revis\u00e3o das decis\u00f5es automatizadas tomada com base em seus dados;<br>g. Direito \u00e0 portabilidade de dados;<br>h. Direito de retirar o seu consentimento;<br>i. Direito de anonimiza\u00e7\u00e3o ou bloqueio de seus dados;<br>j. Direito de n\u00e3o fornecer consentimento e de ser informado sobre as consequ\u00eancias<br>relacionadas;<br>k. Direito de confirma\u00e7\u00e3o da exist\u00eancia de atividade de tratamento;<br>l. Direito de Peticionar perante o Poder P\u00fablico e exercer seus Direitos e Interesses em<br>Ju\u00edzo.<br>Em atendimento ao disposto no art. 41 da Lei n\u00b0 13.709 de 2018 (Lei Geral da Prote\u00e7\u00e3o de<br>Dados), a <b>SOLUCRYP<\/b> designa como encarregado pelo tratamento dos dados: Bruno Aneas.<\/p>\n<p><br><b>DAS CONTROV\u00c9RSIAS<\/b><\/p>\n<p><br>A Pol\u00edtica de Privacidade ser\u00e1 regida e interpretada exclusivamente de acordo com as leis<br>do Brasil. Qualquer reclama\u00e7\u00e3o, conflito ou controv\u00e9rsia decorrente ou relacionada a essa<br>Pol\u00edtica de Privacidade, incluindo sua validade, interpreta\u00e7\u00e3o ou exequibilidade, ser\u00e1<br>dirimido exclusivamente pelo Foro da Comarca de Dourados\/MS.<br><\/p>\t\t\t\t\t\t\t\t<\/div>\n\t\t\t\t<\/div>\n\t\t\t\t\t<\/div>\n\t\t<\/div>\n\t\t\t\t\t<\/div>\n\t\t<\/section>\n\t\t\t\t<section class=\"elementor-section elementor-top-section elementor-element elementor-element-20b789f elementor-section-boxed elementor-section-height-default elementor-section-height-default\" data-id=\"20b789f\" data-element_type=\"section\" data-e-type=\"section\" data-settings=\"{&quot;background_background&quot;:&quot;classic&quot;,&quot;ekit_has_onepagescroll_dot&quot;:&quot;yes&quot;}\">\n\t\t\t\t\t\t<div class=\"elementor-container elementor-column-gap-default\">\n\t\t\t\t\t<div class=\"elementor-column elementor-col-100 elementor-top-column elementor-element elementor-element-004d969\" data-id=\"004d969\" data-element_type=\"column\" data-e-type=\"column\">\n\t\t\t<div class=\"elementor-widget-wrap elementor-element-populated\">\n\t\t\t\t\t\t<div class=\"elementor-element elementor-element-bff855b elementor-view-stacked elementor-shape-circle elementor-widget elementor-widget-icon\" data-id=\"bff855b\" data-element_type=\"widget\" data-e-type=\"widget\" data-settings=\"{&quot;ekit_we_effect_on&quot;:&quot;none&quot;}\" data-widget_type=\"icon.default\">\n\t\t\t\t<div class=\"elementor-widget-container\">\n\t\t\t\t\t\t\t<div class=\"elementor-icon-wrapper\">\n\t\t\t<a class=\"elementor-icon elementor-animation-grow\" href=\"#top\">\n\t\t\t<i aria-hidden=\"true\" class=\"fas fa-angle-up\"><\/i>\t\t\t<\/a>\n\t\t<\/div>\n\t\t\t\t\t\t<\/div>\n\t\t\t\t<\/div>\n\t\t\t\t\t<\/div>\n\t\t<\/div>\n\t\t\t\t\t<\/div>\n\t\t<\/section>\n\t\t\t\t<\/div>\n\t\t","protected":false},"excerpt":{"rendered":"<p>Pol\u00edticas de Privacidade SOLUCRYP TECNOLOGIA E SERVI\u00c7OS DIGITAIS, com sede na Rua. Mato Grosso, n\u00b0 2665,Vila Planalto, Dourados\/MS, inscrita no Cadastro Nacional de Pessoa Jur\u00eddica (CNPJ) sob o&nbsp;n\u00ba 23.529.386\/0001-29 e de outro lado o Usu\u00e1rio concordante da presente Pol\u00edtica,&nbsp;celebram o disposto pelos termos que seguem. Ao aceitar nossa Pol\u00edtica de Privacidade, o Usu\u00e1rio compreende e [&hellip;]<\/p>\n","protected":false},"author":2,"featured_media":0,"parent":0,"menu_order":0,"comment_status":"closed","ping_status":"closed","template":"","meta":{"footnotes":""},"class_list":["post-534","page","type-page","status-publish","hentry"],"_links":{"self":[{"href":"https:\/\/camilap2p.com.br\/index.php\/wp-json\/wp\/v2\/pages\/534","targetHints":{"allow":["GET"]}}],"collection":[{"href":"https:\/\/camilap2p.com.br\/index.php\/wp-json\/wp\/v2\/pages"}],"about":[{"href":"https:\/\/camilap2p.com.br\/index.php\/wp-json\/wp\/v2\/types\/page"}],"author":[{"embeddable":true,"href":"https:\/\/camilap2p.com.br\/index.php\/wp-json\/wp\/v2\/users\/2"}],"replies":[{"embeddable":true,"href":"https:\/\/camilap2p.com.br\/index.php\/wp-json\/wp\/v2\/comments?post=534"}],"version-history":[{"count":38,"href":"https:\/\/camilap2p.com.br\/index.php\/wp-json\/wp\/v2\/pages\/534\/revisions"}],"predecessor-version":[{"id":2519,"href":"https:\/\/camilap2p.com.br\/index.php\/wp-json\/wp\/v2\/pages\/534\/revisions\/2519"}],"wp:attachment":[{"href":"https:\/\/camilap2p.com.br\/index.php\/wp-json\/wp\/v2\/media?parent=534"}],"curies":[{"name":"wp","href":"https:\/\/api.w.org\/{rel}","templated":true}]}}