{"id":2463,"date":"2024-09-11T11:53:28","date_gmt":"2024-09-11T14:53:28","guid":{"rendered":"https:\/\/camilap2p.com.br\/?page_id=2463"},"modified":"2024-09-11T14:32:09","modified_gmt":"2024-09-11T17:32:09","slug":"ebook","status":"publish","type":"page","link":"https:\/\/camilap2p.com.br\/index.php\/ebook\/","title":{"rendered":"Ebook"},"content":{"rendered":"\t\t<div data-elementor-type=\"wp-page\" data-elementor-id=\"2463\" class=\"elementor elementor-2463\" data-elementor-post-type=\"page\">\n\t\t\t\t\t\t<section class=\"elementor-section elementor-top-section elementor-element elementor-element-13d3492 elementor-section-height-min-height elementor-section-items-top elementor-section-boxed elementor-section-height-default\" data-id=\"13d3492\" data-element_type=\"section\" data-e-type=\"section\" data-settings=\"{&quot;background_background&quot;:&quot;classic&quot;,&quot;ekit_has_onepagescroll_dot&quot;:&quot;yes&quot;}\">\n\t\t\t\t\t\t<div class=\"elementor-container elementor-column-gap-default\">\n\t\t\t\t\t<div class=\"elementor-column elementor-col-100 elementor-top-column elementor-element elementor-element-a0c00ab\" data-id=\"a0c00ab\" data-element_type=\"column\" data-e-type=\"column\" id=\"top\">\n\t\t\t<div class=\"elementor-widget-wrap\">\n\t\t\t\t\t\t\t<\/div>\n\t\t<\/div>\n\t\t\t\t\t<\/div>\n\t\t<\/section>\n\t\t\t\t<section class=\"elementor-section elementor-top-section elementor-element elementor-element-80aa842 elementor-section-boxed elementor-section-height-default elementor-section-height-default\" data-id=\"80aa842\" data-element_type=\"section\" data-e-type=\"section\" data-settings=\"{&quot;ekit_has_onepagescroll_dot&quot;:&quot;yes&quot;}\">\n\t\t\t\t\t\t<div class=\"elementor-container elementor-column-gap-default\">\n\t\t\t\t\t<div class=\"elementor-column elementor-col-100 elementor-top-column elementor-element elementor-element-24b41b6\" data-id=\"24b41b6\" data-element_type=\"column\" data-e-type=\"column\">\n\t\t\t<div class=\"elementor-widget-wrap elementor-element-populated\">\n\t\t\t\t\t\t<div class=\"elementor-element elementor-element-a02ec7a elementor-widget elementor-widget-heading\" data-id=\"a02ec7a\" data-element_type=\"widget\" data-e-type=\"widget\" data-settings=\"{&quot;ekit_we_effect_on&quot;:&quot;none&quot;}\" data-widget_type=\"heading.default\">\n\t\t\t\t<div class=\"elementor-widget-container\">\n\t\t\t\t\t<h2 class=\"elementor-heading-title elementor-size-default\">Ebook <\/h2>\t\t\t\t<\/div>\n\t\t\t\t<\/div>\n\t\t\t\t<div class=\"elementor-element elementor-element-203ed13 elementor-widget elementor-widget-text-editor\" data-id=\"203ed13\" data-element_type=\"widget\" data-e-type=\"widget\" data-settings=\"{&quot;ekit_we_effect_on&quot;:&quot;none&quot;}\" data-widget_type=\"text-editor.default\">\n\t\t\t\t<div class=\"elementor-widget-container\">\n\t\t\t\t\t\t\t\t\t<h3>Descubra o Futuro das Finan\u00e7as com Criptomoedas<\/h3><p>As criptomoedas est\u00e3o revolucionando o mercado financeiro e abrindo novas oportunidades para investidores e entusiastas. Quer aprender como aproveitar ao m\u00e1ximo essa nova era digital?<\/p><p><strong>Baixe agora nosso eBook gratuito<\/strong> e descubra:<\/p><ul><li>O que s\u00e3o criptomoedas e como elas funcionam<\/li><li>As principais tend\u00eancias do mercado<\/li><li>Como investir com seguran\u00e7a em ativos digitais<\/li><li>Dicas exclusivas para maximizar seus lucros<\/li><\/ul><p>Seja voc\u00ea iniciante ou experiente, este material oferece insights valiosos que podem transformar sua forma de ver as finan\u00e7as.<\/p><p><span style=\"color: inherit; font-family: inherit; font-size: 1.75rem;\">Por que Baixar Nosso Guia?<\/span><\/p><ul><li><strong>Conhecimento atualizado<\/strong>: Informa\u00e7\u00f5es sobre as criptomoedas mais promissoras do momento.<\/li><li><strong>Dicas de especialistas<\/strong>: Estrat\u00e9gias que os melhores investidores utilizam para crescer no mercado de cripto.<\/li><li><strong>Simples e acess\u00edvel<\/strong>: Linguagem clara e f\u00e1cil de entender, ideal para todos os n\u00edveis de conhecimento.<\/li><\/ul><p>N\u00e3o perca tempo! Comece hoje sua jornada no mundo das criptomoedas.<\/p><p>\u00a0<\/p><h3>Como Funciona?<\/h3><ol><li><strong>Preencha o formul\u00e1rio<\/strong> com seus dados.<\/li><li><strong>Receba o link de download<\/strong> diretamente no seu email.<\/li><li><strong>Desbloqueie o conte\u00fado exclusivo<\/strong> e domine o mercado de cripto.<\/li><\/ol><p>Baixe agora e esteja preparado para o futuro!<\/p>\t\t\t\t\t\t\t\t<\/div>\n\t\t\t\t<\/div>\n\t\t\t\t\t<\/div>\n\t\t<\/div>\n\t\t\t\t\t<\/div>\n\t\t<\/section>\n\t\t\t\t<section class=\"elementor-section elementor-top-section elementor-element elementor-element-20b789f elementor-section-boxed elementor-section-height-default elementor-section-height-default\" data-id=\"20b789f\" data-element_type=\"section\" data-e-type=\"section\" data-settings=\"{&quot;background_background&quot;:&quot;classic&quot;,&quot;ekit_has_onepagescroll_dot&quot;:&quot;yes&quot;}\">\n\t\t\t\t\t\t<div class=\"elementor-container elementor-column-gap-default\">\n\t\t\t\t\t<div class=\"elementor-column elementor-col-100 elementor-top-column elementor-element elementor-element-004d969\" data-id=\"004d969\" data-element_type=\"column\" data-e-type=\"column\">\n\t\t\t<div class=\"elementor-widget-wrap elementor-element-populated\">\n\t\t\t\t\t\t<div class=\"elementor-element elementor-element-bff855b elementor-view-stacked elementor-shape-circle elementor-widget elementor-widget-icon\" data-id=\"bff855b\" data-element_type=\"widget\" data-e-type=\"widget\" data-settings=\"{&quot;ekit_we_effect_on&quot;:&quot;none&quot;}\" data-widget_type=\"icon.default\">\n\t\t\t\t<div class=\"elementor-widget-container\">\n\t\t\t\t\t\t\t<div class=\"elementor-icon-wrapper\">\n\t\t\t<a class=\"elementor-icon elementor-animation-grow\" href=\"#top\">\n\t\t\t<i aria-hidden=\"true\" class=\"fas fa-angle-up\"><\/i>\t\t\t<\/a>\n\t\t<\/div>\n\t\t\t\t\t\t<\/div>\n\t\t\t\t<\/div>\n\t\t\t\t\t<\/div>\n\t\t<\/div>\n\t\t\t\t\t<\/div>\n\t\t<\/section>\n\t\t\t\t<\/div>\n\t\t","protected":false},"excerpt":{"rendered":"<p>Ebook Descubra o Futuro das Finan\u00e7as com Criptomoedas As criptomoedas est\u00e3o revolucionando o mercado financeiro e abrindo novas oportunidades para investidores e entusiastas. Quer aprender como aproveitar ao m\u00e1ximo essa nova era digital? Baixe agora nosso eBook gratuito e descubra: O que s\u00e3o criptomoedas e como elas funcionam As principais tend\u00eancias do mercado Como investir [&hellip;]<\/p>\n","protected":false},"author":2,"featured_media":0,"parent":0,"menu_order":0,"comment_status":"closed","ping_status":"closed","template":"","meta":{"footnotes":""},"class_list":["post-2463","page","type-page","status-publish","hentry"],"_links":{"self":[{"href":"https:\/\/camilap2p.com.br\/index.php\/wp-json\/wp\/v2\/pages\/2463","targetHints":{"allow":["GET"]}}],"collection":[{"href":"https:\/\/camilap2p.com.br\/index.php\/wp-json\/wp\/v2\/pages"}],"about":[{"href":"https:\/\/camilap2p.com.br\/index.php\/wp-json\/wp\/v2\/types\/page"}],"author":[{"embeddable":true,"href":"https:\/\/camilap2p.com.br\/index.php\/wp-json\/wp\/v2\/users\/2"}],"replies":[{"embeddable":true,"href":"https:\/\/camilap2p.com.br\/index.php\/wp-json\/wp\/v2\/comments?post=2463"}],"version-history":[{"count":25,"href":"https:\/\/camilap2p.com.br\/index.php\/wp-json\/wp\/v2\/pages\/2463\/revisions"}],"predecessor-version":[{"id":2515,"href":"https:\/\/camilap2p.com.br\/index.php\/wp-json\/wp\/v2\/pages\/2463\/revisions\/2515"}],"wp:attachment":[{"href":"https:\/\/camilap2p.com.br\/index.php\/wp-json\/wp\/v2\/media?parent=2463"}],"curies":[{"name":"wp","href":"https:\/\/api.w.org\/{rel}","templated":true}]}}